{"id":133,"date":"2016-03-02T11:59:39","date_gmt":"2016-03-02T16:59:39","guid":{"rendered":"http:\/\/lesvoixdelles.qc.ca\/?page_id=133"},"modified":"2022-03-01T17:45:15","modified_gmt":"2022-03-01T22:45:15","slug":"formation-3","status":"publish","type":"page","link":"https:\/\/lesvoixdelles.qc.ca\/?page_id=133","title":{"rendered":"Formation"},"content":{"rendered":"<h1 style=\"text-align: center;\"><strong>Formation: autant musicale que th\u00e9\u00e2trale<\/strong><\/h1>\n<p><a href=\"https:\/\/lesvoixdelles.qc.ca\/wp-content\/uploads\/2016\/03\/DSC_5541.jpg\" rel=\"attachment wp-att-158\"><img loading=\"lazy\" class=\"aligncenter wp-image-158\" src=\"https:\/\/lesvoixdelles.qc.ca\/wp-content\/uploads\/2016\/03\/DSC_5541.jpg\" alt=\"DSC_5541\" width=\"1141\" height=\"758\" srcset=\"https:\/\/lesvoixdelles.qc.ca\/wp-content\/uploads\/2016\/03\/DSC_5541.jpg 4288w, https:\/\/lesvoixdelles.qc.ca\/wp-content\/uploads\/2016\/03\/DSC_5541-300x199.jpg 300w, https:\/\/lesvoixdelles.qc.ca\/wp-content\/uploads\/2016\/03\/DSC_5541-768x510.jpg 768w, https:\/\/lesvoixdelles.qc.ca\/wp-content\/uploads\/2016\/03\/DSC_5541-1024x680.jpg 1024w, https:\/\/lesvoixdelles.qc.ca\/wp-content\/uploads\/2016\/03\/DSC_5541-140x94.jpg 140w\" sizes=\"(max-width: 1141px) 100vw, 1141px\" \/><\/a><\/p>\n<p>Admises d\u00e8s l&rsquo;\u00e2ge de huit ans, les choristes re\u00e7oivent une formation musicale de haut niveau au sein de la troupe tout le long de leur parcours. Elles font l&rsquo;apprentissage d&rsquo;un r\u00e9pertoire tr\u00e8s vari\u00e9. La formation musicale est assur\u00e9e par Mariane Patenaude.<\/p>\n<p><strong>D\u00e9butantes<\/strong><\/p>\n<p>Durant les premi\u00e8res ann\u00e9es, elles font partie des d\u00e9butantes. Dans ce groupe elles apprennent \u00e0 lire la musique, commencent l&rsquo;apprentissage des techniques vocales et la formation th\u00e9\u00e2trale.<\/p>\n<p><strong>Interm\u00e9diaires<\/strong><\/p>\n<p>Apr\u00e8s deux ou trois ann\u00e9es de pratique, les choristes deviennent des interm\u00e9diaires. Elles continuent de d\u00e9velopper des techniques vocales, font l&rsquo;apprentissage du langage musical, du chant choral, ainsi que du th\u00e9\u00e2tre. Dans ce groupe, elles apprennent un r\u00e9pertoire l\u00e9g\u00e8rement plus \u00e9tendu que les d\u00e9butantes.<\/p>\n<p><strong>Avanc\u00e9es<\/strong><\/p>\n<p>Apr\u00e8s quelques ann\u00e9es, elles deviennent d&rsquo;excellentes choristes, expertes en lecture musicale et tr\u00e8s \u00e0 l&rsquo;aise sur sc\u00e8ne. Elles rejoignent alors les rangs du groupe avanc\u00e9, lequel fait l&rsquo;apprentissage d&rsquo;un r\u00e9pertoire plus exigeant et offre des prestations de tr\u00e8s grande qualit\u00e9.<\/p>\n<p>Les r\u00e9p\u00e9titions ont lieu au Centre de cr\u00e9ation artistique (<a href=\"https:\/\/www.google.ca\/maps\/place\/Les+Voix+d'Elles\/@45.550353,-73.7200177,17z\/data=!3m1!4b1!4m5!3m4!1s0x4cc922438ee217ff:0x4f9c4ddd85422e7f!8m2!3d45.550353!4d-73.717829\" target=\"_blank\" rel=\"noopener\" data-saferedirecturl=\"https:\/\/www.google.com\/url?hl=fr&amp;q=https:\/\/www.google.ca\/maps\/place\/Les%2BVoix%2Bd'Elles\/@45.550353,-73.7200177,17z\/data%3D!3m1!4b1!4m5!3m4!1s0x4cc922438ee217ff:0x4f9c4ddd85422e7f!8m2!3d45.550353!4d-73.717829&amp;source=gmail&amp;ust=1471916783942000&amp;usg=AFQjCNHBlGz94mzuyF-fyjC23mDaQgagEw\">430,5\u00e8me rue, Laval, Qc, H7N1Z6<\/a>).<\/p>\n<table style=\"height: 11px;\" width=\"9\">\n<tbody>\n<tr>\n<td width=\"33%\"><\/td>\n<td width=\"34%\"><\/td>\n<td width=\"33%\"><\/td>\n<\/tr>\n<\/tbody>\n<\/table>\n","protected":false},"excerpt":{"rendered":"<p>Formation: autant musicale que th\u00e9\u00e2trale Admises d\u00e8s l&rsquo;\u00e2ge de huit ans, les choristes re\u00e7oivent une formation musicale de haut niveau au sein de la troupe tout le long de leur parcours. Elles font l&rsquo;apprentissage d&rsquo;un r\u00e9pertoire tr\u00e8s vari\u00e9. La formation musicale est assur\u00e9e par Mariane Patenaude. D\u00e9butantes Durant les premi\u00e8res ann\u00e9es, elles font partie des [&hellip;]<\/p>\n","protected":false},"author":1,"featured_media":0,"parent":167,"menu_order":0,"comment_status":"closed","ping_status":"closed","template":"","meta":[],"_links":{"self":[{"href":"https:\/\/lesvoixdelles.qc.ca\/index.php?rest_route=\/wp\/v2\/pages\/133"}],"collection":[{"href":"https:\/\/lesvoixdelles.qc.ca\/index.php?rest_route=\/wp\/v2\/pages"}],"about":[{"href":"https:\/\/lesvoixdelles.qc.ca\/index.php?rest_route=\/wp\/v2\/types\/page"}],"author":[{"embeddable":true,"href":"https:\/\/lesvoixdelles.qc.ca\/index.php?rest_route=\/wp\/v2\/users\/1"}],"replies":[{"embeddable":true,"href":"https:\/\/lesvoixdelles.qc.ca\/index.php?rest_route=%2Fwp%2Fv2%2Fcomments&post=133"}],"version-history":[{"count":0,"href":"https:\/\/lesvoixdelles.qc.ca\/index.php?rest_route=\/wp\/v2\/pages\/133\/revisions"}],"up":[{"embeddable":true,"href":"https:\/\/lesvoixdelles.qc.ca\/index.php?rest_route=\/wp\/v2\/pages\/167"}],"wp:attachment":[{"href":"https:\/\/lesvoixdelles.qc.ca\/index.php?rest_route=%2Fwp%2Fv2%2Fmedia&parent=133"}],"curies":[{"name":"wp","href":"https:\/\/api.w.org\/{rel}","templated":true}]}}