{"id":123,"date":"2016-03-01T21:49:40","date_gmt":"2016-03-02T02:49:40","guid":{"rendered":"http:\/\/lesvoixdelles.qc.ca\/?page_id=123"},"modified":"2026-04-09T23:40:13","modified_gmt":"2026-04-10T03:40:13","slug":"accueil","status":"publish","type":"page","link":"https:\/\/lesvoixdelles.qc.ca\/","title":{"rendered":"Accueil"},"content":{"rendered":"\n<h2 class=\"has-text-align-center\"><br>Accueil<\/h2>\n\n\n\n<h1 class=\"has-text-align-center\">Prochain spectacle: <em>Le bal des douze princesses<\/em>!<\/h1>\n\n\n\n<p class=\"has-text-align-center\"><span style=\"font-family: georgia,serif;\"><em>Les Voix d\u2019Elles forment un ensemble \u00e0 voix \u00e9gales de jeunes filles de 8 ans et plus, dont la vocation p\u00e9dagogique couvre \u00e0 la fois les volets musical et th\u00e9\u00e2tral. Les Voix d&rsquo;Elles est un organisme sans but lucratif, cr\u00e9\u00e9 en 1987 par Gilbert Patenaude, alors que naissait le besoin de former un ensemble vocal musical pour jeunes filles. La directrice musicale et artistique est d\u00e9sormais Mariane Patenaude, et ce, depuis 2014.<\/em><\/span><\/p>\n\n\n\n<p>Soyez des n\u00f4tres le <strong>16 mai prochain<\/strong> \u00e0 19h30 pour notre spectacle annuel, o\u00f9 nous pr\u00e9sentons une production d&rsquo;op\u00e9ra ainsi qu&rsquo;une partie concert \u00e0 l&rsquo;\u00c9cole Horizon Jeunesse!<\/p>\n\n\n\n<ul><li>Admission g\u00e9n\u00e9rale: 30$<\/li><li>\u00c9tudiants et a\u00een\u00e9s: 25$<\/li><li>Enfants (12 ans et moins): 15$<\/li><\/ul>\n\n\n\n<p>Pour vous procurer vos <strong>billets<\/strong>: <a rel=\"noreferrer noopener\" href=\"https:\/\/www.zeffy.com\/fr-CA\/ticketing\/le-bal-des-douze-princesses\" target=\"_blank\">https:\/\/www.zeffy.com\/fr-CA\/ticketing\/le-bal-des-douze-princesses<\/a><\/p>\n\n\n\n<div class=\"wp-block-image\"><figure class=\"aligncenter size-large\"><img loading=\"lazy\" width=\"663\" height=\"1024\" src=\"https:\/\/lesvoixdelles.qc.ca\/wp-content\/uploads\/2026\/04\/Capture-de\u0301cran-le-2026-04-09-a\u0300-23.35.04-663x1024.png\" alt=\"\" class=\"wp-image-1101\" srcset=\"https:\/\/lesvoixdelles.qc.ca\/wp-content\/uploads\/2026\/04\/Capture-de\u0301cran-le-2026-04-09-a\u0300-23.35.04-663x1024.png 663w, https:\/\/lesvoixdelles.qc.ca\/wp-content\/uploads\/2026\/04\/Capture-de\u0301cran-le-2026-04-09-a\u0300-23.35.04-194x300.png 194w, https:\/\/lesvoixdelles.qc.ca\/wp-content\/uploads\/2026\/04\/Capture-de\u0301cran-le-2026-04-09-a\u0300-23.35.04-768x1186.png 768w, https:\/\/lesvoixdelles.qc.ca\/wp-content\/uploads\/2026\/04\/Capture-de\u0301cran-le-2026-04-09-a\u0300-23.35.04.png 840w\" sizes=\"(max-width: 663px) 100vw, 663px\" \/><\/figure><\/div>\n\n\n\n<h4><\/h4>\n\n\n\n<h2 class=\"has-text-align-center\">Prochaines auditions: le 30 avril 2026<\/h2>\n\n\n\n<p class=\"has-text-align-center\">Tu veux \u00eatre l&rsquo;une d&rsquo;elles? Viens passer une audition! Sur rendez-vous au 514-573-7430<\/p>\n\n\n\n<figure class=\"wp-block-image size-large\"><img loading=\"lazy\" width=\"1024\" height=\"576\" src=\"https:\/\/lesvoixdelles.qc.ca\/wp-content\/uploads\/2026\/04\/Auditions_LesVoixdElles-2-1024x576.jpg\" alt=\"\" class=\"wp-image-1099\" srcset=\"https:\/\/lesvoixdelles.qc.ca\/wp-content\/uploads\/2026\/04\/Auditions_LesVoixdElles-2-1024x576.jpg 1024w, https:\/\/lesvoixdelles.qc.ca\/wp-content\/uploads\/2026\/04\/Auditions_LesVoixdElles-2-300x169.jpg 300w, https:\/\/lesvoixdelles.qc.ca\/wp-content\/uploads\/2026\/04\/Auditions_LesVoixdElles-2-768x432.jpg 768w, https:\/\/lesvoixdelles.qc.ca\/wp-content\/uploads\/2026\/04\/Auditions_LesVoixdElles-2-1536x864.jpg 1536w, https:\/\/lesvoixdelles.qc.ca\/wp-content\/uploads\/2026\/04\/Auditions_LesVoixdElles-2-2048x1152.jpg 2048w\" sizes=\"(max-width: 1024px) 100vw, 1024px\" \/><\/figure>\n\n\n\n<h2 class=\"has-text-align-center\">\u00c9t\u00e9 2026<\/h2>\n\n\n\n<p>Cet \u00e9t\u00e9, 21 choristes des Voix d&rsquo;Elles participeront au festival Eurochestries en Charente-Maritime du 30 juillet au 12 ao\u00fbt 2026!<\/p>\n","protected":false},"excerpt":{"rendered":"<p>Accueil Prochain spectacle: Le bal des douze princesses! Les Voix d\u2019Elles forment un ensemble \u00e0 voix \u00e9gales de jeunes filles de 8 ans et plus, dont la vocation p\u00e9dagogique couvre \u00e0 la fois les volets musical et th\u00e9\u00e2tral. Les Voix d&rsquo;Elles est un organisme sans but lucratif, cr\u00e9\u00e9 en 1987 par Gilbert Patenaude, alors que [&hellip;]<\/p>\n","protected":false},"author":1,"featured_media":0,"parent":0,"menu_order":0,"comment_status":"closed","ping_status":"closed","template":"","meta":[],"_links":{"self":[{"href":"https:\/\/lesvoixdelles.qc.ca\/index.php?rest_route=\/wp\/v2\/pages\/123"}],"collection":[{"href":"https:\/\/lesvoixdelles.qc.ca\/index.php?rest_route=\/wp\/v2\/pages"}],"about":[{"href":"https:\/\/lesvoixdelles.qc.ca\/index.php?rest_route=\/wp\/v2\/types\/page"}],"author":[{"embeddable":true,"href":"https:\/\/lesvoixdelles.qc.ca\/index.php?rest_route=\/wp\/v2\/users\/1"}],"replies":[{"embeddable":true,"href":"https:\/\/lesvoixdelles.qc.ca\/index.php?rest_route=%2Fwp%2Fv2%2Fcomments&post=123"}],"version-history":[{"count":8,"href":"https:\/\/lesvoixdelles.qc.ca\/index.php?rest_route=\/wp\/v2\/pages\/123\/revisions"}],"predecessor-version":[{"id":1106,"href":"https:\/\/lesvoixdelles.qc.ca\/index.php?rest_route=\/wp\/v2\/pages\/123\/revisions\/1106"}],"wp:attachment":[{"href":"https:\/\/lesvoixdelles.qc.ca\/index.php?rest_route=%2Fwp%2Fv2%2Fmedia&parent=123"}],"curies":[{"name":"wp","href":"https:\/\/api.w.org\/{rel}","templated":true}]}}