{"id":112,"date":"2016-03-01T21:31:54","date_gmt":"2016-03-02T02:31:54","guid":{"rendered":"http:\/\/lesvoixdelles.qc.ca\/?page_id=112"},"modified":"2022-03-01T17:54:41","modified_gmt":"2022-03-01T22:54:41","slug":"recrutement","status":"publish","type":"page","link":"https:\/\/lesvoixdelles.qc.ca\/?page_id=112","title":{"rendered":"Recrutement"},"content":{"rendered":"<h2 style=\"text-align: center;\">Le ch\u0153ur Les Voix d\u2019Elles est toujours \u00e0 la recherche de jeunes filles de 8 ans et plus qui s\u2019int\u00e9ressent au chant choral, au th\u00e9\u00e2tre et \u00e0 l\u2019op\u00e9ra!<\/h2>\n<p><a href=\"https:\/\/lesvoixdelles.qc.ca\/wp-content\/uploads\/2016\/03\/DSC_5621.jpg\" rel=\"attachment wp-att-162\"><img loading=\"lazy\" class=\"aligncenter  wp-image-162\" src=\"https:\/\/lesvoixdelles.qc.ca\/wp-content\/uploads\/2016\/03\/DSC_5621.jpg\" alt=\"DSC_5621\" width=\"790\" height=\"525\" srcset=\"https:\/\/lesvoixdelles.qc.ca\/wp-content\/uploads\/2016\/03\/DSC_5621.jpg 4288w, https:\/\/lesvoixdelles.qc.ca\/wp-content\/uploads\/2016\/03\/DSC_5621-300x199.jpg 300w, https:\/\/lesvoixdelles.qc.ca\/wp-content\/uploads\/2016\/03\/DSC_5621-768x510.jpg 768w, https:\/\/lesvoixdelles.qc.ca\/wp-content\/uploads\/2016\/03\/DSC_5621-1024x680.jpg 1024w, https:\/\/lesvoixdelles.qc.ca\/wp-content\/uploads\/2016\/03\/DSC_5621-140x94.jpg 140w\" sizes=\"(max-width: 790px) 100vw, 790px\" \/><\/a><\/p>\n<p><strong>Sessions d&rsquo;automne<\/strong>: les auditions ont lieu en mai et en ao\u00fbt pour d\u00e9buter \u00e0 la session d&rsquo;automne.<\/p>\n<p><strong>Sessions d&rsquo;hiver<\/strong>: les auditions ont lieu en d\u00e9cembre et d\u00e9but janvier pour commencer \u00e0 la session d&rsquo;hiver.<\/p>\n<p>Pour obtenir une audition, n&rsquo;h\u00e9sitez pas \u00e0 nous contacter ou par t\u00e9l\u00e9phone ou par courriel.<\/p>\n<p>514-573-7430 ou <a href=\"mailto:info@lesvoixdelles.qc.ca\">info@lesvoixdelles.qc.ca<\/a><\/p>\n","protected":false},"excerpt":{"rendered":"<p>Le ch\u0153ur Les Voix d\u2019Elles est toujours \u00e0 la recherche de jeunes filles de 8 ans et plus qui s\u2019int\u00e9ressent au chant choral, au th\u00e9\u00e2tre et \u00e0 l\u2019op\u00e9ra! Sessions d&rsquo;automne: les auditions ont lieu en mai et en ao\u00fbt pour d\u00e9buter \u00e0 la session d&rsquo;automne. Sessions d&rsquo;hiver: les auditions ont lieu en d\u00e9cembre et d\u00e9but [&hellip;]<\/p>\n","protected":false},"author":1,"featured_media":0,"parent":0,"menu_order":0,"comment_status":"closed","ping_status":"closed","template":"","meta":[],"_links":{"self":[{"href":"https:\/\/lesvoixdelles.qc.ca\/index.php?rest_route=\/wp\/v2\/pages\/112"}],"collection":[{"href":"https:\/\/lesvoixdelles.qc.ca\/index.php?rest_route=\/wp\/v2\/pages"}],"about":[{"href":"https:\/\/lesvoixdelles.qc.ca\/index.php?rest_route=\/wp\/v2\/types\/page"}],"author":[{"embeddable":true,"href":"https:\/\/lesvoixdelles.qc.ca\/index.php?rest_route=\/wp\/v2\/users\/1"}],"replies":[{"embeddable":true,"href":"https:\/\/lesvoixdelles.qc.ca\/index.php?rest_route=%2Fwp%2Fv2%2Fcomments&post=112"}],"version-history":[{"count":0,"href":"https:\/\/lesvoixdelles.qc.ca\/index.php?rest_route=\/wp\/v2\/pages\/112\/revisions"}],"wp:attachment":[{"href":"https:\/\/lesvoixdelles.qc.ca\/index.php?rest_route=%2Fwp%2Fv2%2Fmedia&parent=112"}],"curies":[{"name":"wp","href":"https:\/\/api.w.org\/{rel}","templated":true}]}}