{"id":108,"date":"2016-03-01T21:27:41","date_gmt":"2016-03-02T02:27:41","guid":{"rendered":"http:\/\/lesvoixdelles.qc.ca\/?page_id=108"},"modified":"2022-03-01T17:41:15","modified_gmt":"2022-03-01T22:41:15","slug":"formation-2","status":"publish","type":"page","link":"https:\/\/lesvoixdelles.qc.ca\/?page_id=108","title":{"rendered":"Formateurs"},"content":{"rendered":"<h2 style=\"text-align: center;\"><strong>Mariane Patenaude : directrice artistique et musicale<\/strong><\/h2>\n<p><img loading=\"lazy\" class=\"aligncenter wp-image-767 \" src=\"https:\/\/lesvoixdelles.qc.ca\/wp-content\/uploads\/2022\/03\/18033188_10211085830478473_49174614369183041_n-300x300.jpg\" alt=\"\" width=\"378\" height=\"378\" srcset=\"https:\/\/lesvoixdelles.qc.ca\/wp-content\/uploads\/2022\/03\/18033188_10211085830478473_49174614369183041_n-300x300.jpg 300w, https:\/\/lesvoixdelles.qc.ca\/wp-content\/uploads\/2022\/03\/18033188_10211085830478473_49174614369183041_n-150x150.jpg 150w, https:\/\/lesvoixdelles.qc.ca\/wp-content\/uploads\/2022\/03\/18033188_10211085830478473_49174614369183041_n-260x260.jpg 260w, https:\/\/lesvoixdelles.qc.ca\/wp-content\/uploads\/2022\/03\/18033188_10211085830478473_49174614369183041_n-190x190.jpg 190w, https:\/\/lesvoixdelles.qc.ca\/wp-content\/uploads\/2022\/03\/18033188_10211085830478473_49174614369183041_n-60x60.jpg 60w, https:\/\/lesvoixdelles.qc.ca\/wp-content\/uploads\/2022\/03\/18033188_10211085830478473_49174614369183041_n-170x170.jpg 170w, https:\/\/lesvoixdelles.qc.ca\/wp-content\/uploads\/2022\/03\/18033188_10211085830478473_49174614369183041_n-184x184.jpg 184w, https:\/\/lesvoixdelles.qc.ca\/wp-content\/uploads\/2022\/03\/18033188_10211085830478473_49174614369183041_n.jpg 708w\" sizes=\"(max-width: 378px) 100vw, 378px\" \/><\/p>\n<p>Mariane Patenaude est la directrice artistique de la chorale Les Voix d\u2019Elles depuis septembre 2014.<\/p>\n<p>Mariane Patenaude a commenc\u00e9 sa formation musicale \u00e0 l\u2019\u00e2ge de six ans, \u00e0 l\u2019\u00e9cole de musique Vincent-d\u2019Indy (Th\u00e9r\u00e8se Brouillette), pour la poursuivre \u00e0 l\u2019\u00e9cole secondaire Pierre-Laporte (Charlotte Dumas), puis au conservatoire de musique et d\u2019art dramatique (Raoul Sosa).<\/p>\n<p>Laur\u00e9ate de nombreuses bourses et de plusieurs concours, r\u00e9cipiendaire du Prix d\u2019Europe et du prix sp\u00e9cial du Centre de musique canadienne, Mariane Patenaude est tr\u00e8s sollicit\u00e9e tant par les instrumentistes que par les artistes lyriques depuis sa sortie du CMAD en 1996. Elle s\u2019est perfectionn\u00e9e par la suite aupr\u00e8s de Francis Dub\u00e9 et de Monique Deschauss\u00e9es. Passionn\u00e9e par la voix, Mariane Patenaude a \u00e9tudi\u00e9 le chant avec Pierre Mollet et France Dion et travaille pr\u00e9sentement avec Gabrielle Lavigne.<\/p>\n<p>Mariane dirige diff\u00e9rentes formations chorales depuis pr\u00e8s de 25 ans: elle a fait ses premi\u00e8res armes en 1990, au camp musical du Parc du Domaine vert. Elle y a dirig\u00e9 la chorale durant douze ans. Par la suite, elle a dirig\u00e9 les choeurs des \u00e9coles Marie-Clarac, \u00c0 la Port\u00e9e et celle de l\u2019option chorale de l\u2019\u00e9cole le Tournesol \u00e0 ville Lorraine.<\/p>\n<p>Mariane est formatrice pour Les Voix d\u2019Elles depuis 1997 et directrice artistique et musicale depuis septembre 2014.<\/p>\n<p>Ses activit\u00e9s l\u2019ont men\u00e9e dans diverses provinces du Canada, aux \u00c9tats-Unis et en Europe. Depuis l\u2019automne 2012, Mariane est pianiste et professeure au Conservatoire de musique et d\u2019art dramatique de Montr\u00e9al. Elle est \u00e9galement pianiste accompagnatrice au Centre d\u2019Arts Orford et \u00e0 l\u2019universit\u00e9 McGill, en plus d\u2019\u00eatre membre du trio Polymnie et d\u2019Orford Six Pianos.<\/p>\n<p>Mariane Patenaude a particip\u00e9 \u00e0 plusieurs enregistrements radiophoniques, t\u00e9l\u00e9visuels et sur disque (\u00e9tiquettes Atma, Analekta, SNE, Richelieu et XXI ).<\/p>\n<div>\n<div>\n<h2 style=\"text-align: center;\"><strong>Olivier Berthiaume : metteur en sc\u00e8ne et formateur en th\u00e9\u00e2tre<\/strong><\/h2>\n<div class=\"sites-embed-content sites-embed-type-text\">\n<div class=\"sites-embed-content-textbox\">\n<div dir=\"ltr\">\n<div>\u00a0 <img loading=\"lazy\" class=\" wp-image-635 aligncenter\" src=\"https:\/\/lesvoixdelles.qc.ca\/wp-content\/uploads\/2016\/03\/Oberthiaume_1470_2-200x300.jpg\" alt=\"\" width=\"251\" height=\"377\" srcset=\"https:\/\/lesvoixdelles.qc.ca\/wp-content\/uploads\/2016\/03\/Oberthiaume_1470_2-200x300.jpg 200w, https:\/\/lesvoixdelles.qc.ca\/wp-content\/uploads\/2016\/03\/Oberthiaume_1470_2-768x1152.jpg 768w, https:\/\/lesvoixdelles.qc.ca\/wp-content\/uploads\/2016\/03\/Oberthiaume_1470_2-683x1024.jpg 683w, https:\/\/lesvoixdelles.qc.ca\/wp-content\/uploads\/2016\/03\/Oberthiaume_1470_2.jpg 1200w\" sizes=\"(max-width: 251px) 100vw, 251px\" \/><\/div>\n<div><\/div>\n<div>\n<p>Olivier Berthiaume, artiste dou\u00e9 pour la composition physique et le jeu clownesque, est dipl\u00f4m\u00e9 de l\u2019\u00c9cole professionnelle de th\u00e9\u00e2tre du Coll\u00e8ge Lionel-Groulx.<\/p>\n<p>De 2000 \u00e0 2007, ce com\u00e9dien-danseur a fait les beaux jours de la revue de vari\u00e9t\u00e9s One More Time The Legends. Parall\u00e8lement, il s&rsquo;est lanc\u00e9 dans l\u2019aventure marquante de la com\u00e9die musicale Grease, o\u00f9 il a port\u00e9 les chapeaux de metteur en sc\u00e8ne, adaptateur, com\u00e9dien et coproducteur d\u2019un succ\u00e8s fou ayant attir\u00e9 des milliers de spectateurs. Ce spectacle des Productions Euphorie (OBNL qu&rsquo;il a co-fond\u00e9 en 2005) a \u00e9t\u00e9 pr\u00e9sent\u00e9 au th\u00e9\u00e2tre d\u2019\u00e9t\u00e9 de l\u2019h\u00f4tel La Roche Pleureuse, Isle-aux-Coudres, de 2005 \u00e0 2009.<\/p>\n<p>En plus de sa carri\u00e8re de com\u00e9dien, Olivier a notamment dirig\u00e9, traduit et cr\u00e9\u00e9 de main de ma\u00eetre Les galas FSAL (2012 et 2013), Un mariage Rock\u2019n Roll (2010-2011), Poutine Masala (2011-2012), Pleine lune de miel (2012-2013), Le chanteur de noces (2014-2015), All Shook Up (2017-2018) et Les Baronettes (2010-2018).<\/p>\n<p>Son exp\u00e9rience en th\u00e9\u00e2tre d&rsquo;\u00e9t\u00e9 lui a permis de d\u00e9velopper un sens du comique et une v\u00e9rit\u00e9 qui rejoint tous les publics, ce qu&rsquo;il tente de reproduire dans sa direction d&rsquo;acteur. Son humour attachant, rempli d&rsquo;humanit\u00e9, d&rsquo;audace et de malaises finit toujours par nous donner le sourire, ou plut\u00f4t le fou rire!<\/p>\n<p>Olivier Berthiaume est aujourd&rsquo;hui un des professionnels formateurs \u00e0 l\u2019UDA et membre du corps professoral de l\u2019\u00c9cole professionnelle de th\u00e9\u00e2tre du Coll\u00e8ge Lionel-Groulx. Au printemps 2017, il a sign\u00e9 le texte et la mise en sc\u00e8ne du spectacle des finissants en Th\u00e9\u00e2tre musical.<\/p>\n<\/div>\n<\/div>\n<\/div>\n<\/div>\n<\/div>\n<\/div>\n","protected":false},"excerpt":{"rendered":"<p>Mariane Patenaude : directrice artistique et musicale Mariane Patenaude est la directrice artistique de la chorale Les Voix d\u2019Elles depuis septembre 2014. Mariane Patenaude a commenc\u00e9 sa formation musicale \u00e0 l\u2019\u00e2ge de six ans, \u00e0 l\u2019\u00e9cole de musique Vincent-d\u2019Indy (Th\u00e9r\u00e8se Brouillette), pour la poursuivre \u00e0 l\u2019\u00e9cole secondaire Pierre-Laporte (Charlotte Dumas), puis au conservatoire de musique [&hellip;]<\/p>\n","protected":false},"author":1,"featured_media":0,"parent":167,"menu_order":0,"comment_status":"closed","ping_status":"closed","template":"","meta":[],"_links":{"self":[{"href":"https:\/\/lesvoixdelles.qc.ca\/index.php?rest_route=\/wp\/v2\/pages\/108"}],"collection":[{"href":"https:\/\/lesvoixdelles.qc.ca\/index.php?rest_route=\/wp\/v2\/pages"}],"about":[{"href":"https:\/\/lesvoixdelles.qc.ca\/index.php?rest_route=\/wp\/v2\/types\/page"}],"author":[{"embeddable":true,"href":"https:\/\/lesvoixdelles.qc.ca\/index.php?rest_route=\/wp\/v2\/users\/1"}],"replies":[{"embeddable":true,"href":"https:\/\/lesvoixdelles.qc.ca\/index.php?rest_route=%2Fwp%2Fv2%2Fcomments&post=108"}],"version-history":[{"count":0,"href":"https:\/\/lesvoixdelles.qc.ca\/index.php?rest_route=\/wp\/v2\/pages\/108\/revisions"}],"up":[{"embeddable":true,"href":"https:\/\/lesvoixdelles.qc.ca\/index.php?rest_route=\/wp\/v2\/pages\/167"}],"wp:attachment":[{"href":"https:\/\/lesvoixdelles.qc.ca\/index.php?rest_route=%2Fwp%2Fv2%2Fmedia&parent=108"}],"curies":[{"name":"wp","href":"https:\/\/api.w.org\/{rel}","templated":true}]}}